{"id":1252,"date":"2026-02-11T19:38:53","date_gmt":"2026-02-11T19:38:53","guid":{"rendered":"https:\/\/th.info.hu\/index.php\/fooldal\/"},"modified":"2026-02-12T23:11:13","modified_gmt":"2026-02-12T23:11:13","slug":"fooldal","status":"publish","type":"page","link":"https:\/\/th.info.hu\/","title":{"rendered":"F\u0151oldal"},"content":{"rendered":"\n<div class=\"wp-block-cover alignfull is-light hestia-clear-top-padding\" id=\"szolgaltatasok\"><span aria-hidden=\"true\" class=\"wp-block-cover__background has-white-background-color has-background-dim-100 has-background-dim\"><\/span><div class=\"wp-block-cover__inner-container is-layout-flow wp-block-cover-is-layout-flow\">\n<h2 class=\"wp-block-heading has-text-align-center has-text-color\" style=\"color:#3c4858\">Amit k\u00edn\u00e1lok<\/h2>\n\n\n\n<div style=\"height:40px\" aria-hidden=\"true\" class=\"wp-block-spacer\"><\/div>\n\n\n\n<div class=\"wp-block-columns container is-layout-flex wp-container-core-columns-is-layout-28f84493 wp-block-columns-is-layout-flex\">\n<div class=\"wp-block-column is-layout-flow wp-block-column-is-layout-flow\">\n<ul style=\"color:#999999;font-size:14px\" class=\"wp-block-list has-text-color\">\n<li>T\u00e1rsash\u00e1zi k\u00f6nyvel\u00e9s, egyszeres,<\/li>\n\n\n\n<li>\u00c9ves besz\u00e1mol\u00f3 \u00e9s k\u00f6lts\u00e9gvet\u00e9s k\u00e9sz\u00edt\u00e9se,<\/li>\n\n\n\n<li>K\u00f6zgy\u0171l\u00e9sek megtart\u00e1sa (\u00e9vente ak\u00e1r t\u00f6bb alkalommal is),<\/li>\n\n\n\n<li>Tulajdonosi egyenlegek vezet\u00e9se k\u00e9r\u00e9sre egyenleg k\u00fcld\u00e9se,<\/li>\n\n\n\n<li>Online tulajdonosi fel\u00fclet biztos\u00edt\u00e1sa az egyelegekhez, t\u00e1rsash\u00e1zi<\/li>\n\n\n\n<li>dokumentumokhoz<\/li>\n<\/ul>\n\n\n\n<div style=\"height:59px\" aria-hidden=\"true\" class=\"wp-block-spacer\"><\/div>\n\n\n\n<div style=\"height:25px\" aria-hidden=\"true\" class=\"wp-block-spacer\"><\/div>\n<\/div>\n\n\n\n<div class=\"wp-block-column is-layout-flow wp-block-column-is-layout-flow\">\n<ul style=\"color:#999999;font-size:14px\" class=\"wp-block-list has-text-color\">\n<li>K\u00f6vetkezetes kintl\u00e9v\u0151s\u00e9g kezel\u00e9s,<\/li>\n\n\n\n<li>Szerz\u0151d\u00e9ses partnerekkel val\u00f3 kapcsolattart\u00e1s, illetve szolg\u00e1ltat\u00e1sainak ellen\u0151rz\u00e9se,<\/li>\n\n\n\n<li>Telefonos \u00e9s e-mailes kapcsolattart\u00e1s a tulajdonosokkal,<\/li>\n\n\n\n<li>SZMSZ \u00e9s alap\u00edt\u00f3 okirat sz\u00fcks\u00e9g szerinti m\u00f3dos\u00edt\u00e1sa friss\u00edt\u00e9se,<\/li>\n\n\n\n<li>T\u00e1rsash\u00e1zi sz\u00e1ml\u00e1k hat\u00e1rid\u0151re val\u00f3 utal\u00e1sa,<\/li>\n\n\n\n<li>Karbantart\u00e1si \u00e9s jav\u00edt\u00e1si munk\u00e1k szervez\u00e9se kivitelez\u00e9se<\/li>\n<\/ul>\n\n\n\n<p class=\"has-text-align-center has-text-color\" style=\"color:#999999;font-size:14px\"><\/p>\n\n\n\n<div style=\"height:25px\" aria-hidden=\"true\" class=\"wp-block-spacer\"><\/div>\n<\/div>\n\n\n\n<div class=\"wp-block-column is-layout-flow wp-block-column-is-layout-flow\">\n<ul style=\"color:#999999;font-size:14px\" class=\"wp-block-list has-text-color\">\n<li>Fel\u00faj\u00edt\u00e1si munk\u00e1k megrendel\u00e9se lebonyol\u00edt\u00e1sa,<\/li>\n\n\n\n<li>P\u00e1ly\u00e1zat figyel\u00e9s, p\u00e1ly\u00e1zatki\u00edr\u00e1s, kivitelez\u0151k p\u00e1ly\u00e1ztat\u00e1sa,<\/li>\n\n\n\n<li>Ig\u00e9ny eset\u00e9n fogad\u00f3 \u00f3ra el\u0151zetes id\u0151pont egyeztet\u00e9s vagy irod\u00e1ban, vagy a t\u00e1rsash\u00e1zban,<\/li>\n\n\n\n<li>K\u00e1resem\u00e9ny eset\u00e9n a biztos\u00edt\u00f3val val\u00f3 egy\u00fcttm\u0171k\u00f6d\u00e9s,<\/li>\n\n\n\n<li>WHM online fel\u00fclet<\/li>\n<\/ul>\n\n\n\n<div style=\"height:79px\" aria-hidden=\"true\" class=\"wp-block-spacer\"><\/div>\n\n\n\n<div style=\"height:25px\" aria-hidden=\"true\" class=\"wp-block-spacer\"><\/div>\n<\/div>\n<\/div>\n\n\n\n<div style=\"height:40px\" aria-hidden=\"true\" class=\"wp-block-spacer\"><\/div>\n<\/div><\/div>\n\n\n\n<div style=\"height:100px\" aria-hidden=\"true\" class=\"wp-block-spacer\"><\/div>\n\n\n\n<div class=\"wp-block-columns container is-layout-flex wp-container-core-columns-is-layout-28f84493 wp-block-columns-is-layout-flex\" id=\"bemutatkozas\">\n<div class=\"wp-block-column col-md-5 is-layout-flow wp-block-column-is-layout-flow\">\n<p class=\"has-text-align-center\"><strong>Moln\u00e1r Krisztina vagyok<\/strong><\/p>\n\n\n\n<p>Egy\u00e9ni v\u00e1llalkoz\u00e1som 2012 \u00f3ta foglalkozik t\u00e1rsas-h\u00e1zakkal. Mint \u00f6n\u00e1ll\u00f3 k\u00f6z\u00f6s k\u00e9pvisel\u0151 2024 j\u00falius\u00e1t\u00f3l dolgozom. Tekintve, hogy m\u00e1r t\u00f6bb mint t\u00edz \u00e9ve jelen vagyok a t\u00e1rsash\u00e1zak kezel\u00e9s\u00e9nek vil\u00e1g\u00e1ban, j\u00f3 kapcsolati t\u0151k\u00e9vel rendelkezem, legyen sz\u00f3 kivitelez\u0151kr\u0151l, takar\u00edt\u00e1si feladatokat ell\u00e1t\u00f3 v\u00e1llalkoz\u00f3kr\u00f3l vagy m\u00e1s szakemberekr\u0151l. Az elm\u00falt \u00e9vek sor\u00e1n t\u00f6bb projektben is r\u00e9szt vettem, amelyek nagyban hozz\u00e1j\u00e1rultak a t\u00e1rsash\u00e1zak fejl\u0151d\u00e9s\u00e9hez (mint p\u00e9ld\u00e1ul: lift, homlokzat, elektromos h\u00e1l\u00f3zat fel\u00faj\u00edt\u00e1s).<\/p>\n\n\n\n<p>Naprak\u00e9sz tud\u00e1somat szeretn\u00e9m az \u00d6n\u00f6k t\u00e1rsash\u00e1z\u00e1ban is kamatoztatni, mint k\u00f6z\u00f6s k\u00e9pvisel\u0151. Ahhoz, hogy minden t\u00f6rv\u00e9nyi rendelkez\u00e9snek megfeleljek, minden dokumentum a rendelkez\u00e9semre \u00e1ll. \u00cdgy a t\u00f6rv\u00e9nyben el\u0151\u00edrt regisztr\u00e1ci\u00f3t is meg tudom val\u00f3s\u00edtani.<\/p>\n\n\n\n<div style=\"height:78px\" aria-hidden=\"true\" class=\"wp-block-spacer\"><\/div>\n<\/div>\n<\/div>\n","protected":false},"excerpt":{"rendered":"<p>Moln\u00e1r Krisztina vagyok Egy\u00e9ni v\u00e1llalkoz\u00e1som 2012 \u00f3ta foglalkozik t\u00e1rsas-h\u00e1zakkal. Mint \u00f6n\u00e1ll\u00f3 k\u00f6z\u00f6s k\u00e9pvisel\u0151 2024 j\u00falius\u00e1t\u00f3l dolgozom. Tekintve, hogy m\u00e1r t\u00f6bb mint t\u00edz \u00e9ve jelen vagyok a t\u00e1rsash\u00e1zak kezel\u00e9s\u00e9nek vil\u00e1g\u00e1ban, j\u00f3 kapcsolati t\u0151k\u00e9vel rendelkezem, legyen sz\u00f3 kivitelez\u0151kr\u0151l, takar\u00edt\u00e1si feladatokat ell\u00e1t\u00f3 v\u00e1llalkoz\u00f3kr\u00f3l vagy m\u00e1s szakemberekr\u0151l. Az elm\u00falt \u00e9vek sor\u00e1n t\u00f6bb projektben is [&hellip;]<\/p>\n","protected":false},"author":1,"featured_media":0,"parent":0,"menu_order":0,"comment_status":"closed","ping_status":"closed","template":"","meta":{"footnotes":""},"class_list":["post-1252","page","type-page","status-publish","hentry"],"_links":{"self":[{"href":"https:\/\/th.info.hu\/index.php\/wp-json\/wp\/v2\/pages\/1252","targetHints":{"allow":["GET"]}}],"collection":[{"href":"https:\/\/th.info.hu\/index.php\/wp-json\/wp\/v2\/pages"}],"about":[{"href":"https:\/\/th.info.hu\/index.php\/wp-json\/wp\/v2\/types\/page"}],"author":[{"embeddable":true,"href":"https:\/\/th.info.hu\/index.php\/wp-json\/wp\/v2\/users\/1"}],"replies":[{"embeddable":true,"href":"https:\/\/th.info.hu\/index.php\/wp-json\/wp\/v2\/comments?post=1252"}],"version-history":[{"count":9,"href":"https:\/\/th.info.hu\/index.php\/wp-json\/wp\/v2\/pages\/1252\/revisions"}],"predecessor-version":[{"id":1276,"href":"https:\/\/th.info.hu\/index.php\/wp-json\/wp\/v2\/pages\/1252\/revisions\/1276"}],"wp:attachment":[{"href":"https:\/\/th.info.hu\/index.php\/wp-json\/wp\/v2\/media?parent=1252"}],"curies":[{"name":"wp","href":"https:\/\/api.w.org\/{rel}","templated":true}]}}